{"id":160,"date":"2020-10-21T07:56:57","date_gmt":"2020-10-21T05:56:57","guid":{"rendered":"http:\/\/mielke.wortundbild-berlin.de\/?page_id=160"},"modified":"2026-03-02T10:25:25","modified_gmt":"2026-03-02T09:25:25","slug":"unsere-kanzlei","status":"publish","type":"page","link":"https:\/\/mmielke.de\/index.php\/unsere-kanzlei\/","title":{"rendered":"Unsere Kanzlei"},"content":{"rendered":"\t\t<div data-elementor-type=\"wp-page\" data-elementor-id=\"160\" class=\"elementor elementor-160\">\n\t\t\t\t\t\t<section class=\"elementor-section elementor-top-section elementor-element elementor-element-49c66e4 elementor-section-boxed elementor-section-height-default elementor-section-height-default\" data-id=\"49c66e4\" data-element_type=\"section\" data-e-type=\"section\">\n\t\t\t\t\t\t<div class=\"elementor-container elementor-column-gap-default\">\n\t\t\t\t\t<div class=\"elementor-column elementor-col-100 elementor-top-column elementor-element elementor-element-ada5b47\" data-id=\"ada5b47\" data-element_type=\"column\" data-e-type=\"column\">\n\t\t\t<div class=\"elementor-widget-wrap elementor-element-populated\">\n\t\t\t\t\t\t<div class=\"elementor-element elementor-element-0bc5ad3 elementor-widget elementor-widget-heading\" data-id=\"0bc5ad3\" data-element_type=\"widget\" data-e-type=\"widget\" data-widget_type=\"heading.default\">\n\t\t\t\t<div class=\"elementor-widget-container\">\n\t\t\t\t\t<h2 class=\"elementor-heading-title elementor-size-default\">Unsere Kanzlei<\/h2>\t\t\t\t<\/div>\n\t\t\t\t<\/div>\n\t\t\t\t\t<\/div>\n\t\t<\/div>\n\t\t\t\t\t<\/div>\n\t\t<\/section>\n\t\t\t\t<section class=\"elementor-section elementor-top-section elementor-element elementor-element-3535a3d elementor-section-boxed elementor-section-height-default elementor-section-height-default\" data-id=\"3535a3d\" data-element_type=\"section\" data-e-type=\"section\">\n\t\t\t\t\t\t<div class=\"elementor-container elementor-column-gap-default\">\n\t\t\t\t\t<div class=\"elementor-column elementor-col-100 elementor-top-column elementor-element elementor-element-9c51c87\" data-id=\"9c51c87\" data-element_type=\"column\" data-e-type=\"column\">\n\t\t\t<div class=\"elementor-widget-wrap elementor-element-populated\">\n\t\t\t\t\t\t<div class=\"elementor-element elementor-element-93e3d94 elementor-widget elementor-widget-image\" data-id=\"93e3d94\" data-element_type=\"widget\" data-e-type=\"widget\" data-widget_type=\"image.default\">\n\t\t\t\t<div class=\"elementor-widget-container\">\n\t\t\t\t\t\t\t\t\t\t\t\t\t\t\t<img fetchpriority=\"high\" decoding=\"async\" width=\"1200\" height=\"481\" src=\"https:\/\/mmielke.de\/wp-content\/uploads\/2020\/10\/Team_2016_V_02-1.jpg\" class=\"attachment-full size-full wp-image-240\" alt=\"\" srcset=\"https:\/\/mmielke.de\/wp-content\/uploads\/2020\/10\/Team_2016_V_02-1.jpg 1200w, https:\/\/mmielke.de\/wp-content\/uploads\/2020\/10\/Team_2016_V_02-1-300x120.jpg 300w, https:\/\/mmielke.de\/wp-content\/uploads\/2020\/10\/Team_2016_V_02-1-1024x410.jpg 1024w, https:\/\/mmielke.de\/wp-content\/uploads\/2020\/10\/Team_2016_V_02-1-768x308.jpg 768w, https:\/\/mmielke.de\/wp-content\/uploads\/2020\/10\/Team_2016_V_02-1-600x241.jpg 600w\" sizes=\"(max-width: 1200px) 100vw, 1200px\" \/>\t\t\t\t\t\t\t\t\t\t\t\t\t\t\t<\/div>\n\t\t\t\t<\/div>\n\t\t\t\t\t<\/div>\n\t\t<\/div>\n\t\t\t\t\t<\/div>\n\t\t<\/section>\n\t\t\t\t<section class=\"elementor-section elementor-top-section elementor-element elementor-element-c599fdf elementor-section-boxed elementor-section-height-default elementor-section-height-default\" data-id=\"c599fdf\" data-element_type=\"section\" data-e-type=\"section\">\n\t\t\t\t\t\t<div class=\"elementor-container elementor-column-gap-default\">\n\t\t\t\t\t<div class=\"elementor-column elementor-col-100 elementor-top-column elementor-element elementor-element-b4692a2\" data-id=\"b4692a2\" data-element_type=\"column\" data-e-type=\"column\">\n\t\t\t<div class=\"elementor-widget-wrap elementor-element-populated\">\n\t\t\t\t\t\t<div class=\"elementor-element elementor-element-eb781d7 elementor-widget elementor-widget-text-editor\" data-id=\"eb781d7\" data-element_type=\"widget\" data-e-type=\"widget\" data-widget_type=\"text-editor.default\">\n\t\t\t\t<div class=\"elementor-widget-container\">\n\t\t\t\t\t\t\t\t\t<div class=\"ce_text g12last last block\">\n<p>Unsere Kanzlei geh\u00f6rt zu den alt eingesessenen Steuerberatungskanzleien in Berlin und wurde bereits zum Ende der 1940er Jahre gegr\u00fcndet. Die damalige Mandantschaft bestand vor allem aus \u00c4rzten und Zahn\u00e4rzten aus dem Raum Berlin. Bis heute betreuen wir diese Klientel und haben auf dem Gebiet der \u00e4rztlichen Steuerberatung viel Erfahrung.<\/p>\n<p>In den 1970er Jahren kam eine neue Klientel dazu, wir begannen, K\u00fcnstler und Arbeitnehmer in allen Fragen der Einkommensteuer zu betreuen.<br \/>Mit der Wende \u00f6ffnete sich die Kanzlei weiter, neue Berufsgruppen wie Handwerker und Einzelh\u00e4ndler kamen dazu. Auch kleine und mittlere Kapitalgesellschaften z\u00e4hlen seit \u00fcber 20 Jahren zu unseren Mandanten.<\/p>\n<p>Bis vor wenigen Jahren\u00a0war unsere Kanzlei in der M\u00fcllerstra\u00dfe in Berlin Wedding ans\u00e4ssig, im Fr\u00fchjahr 2010 erfolgte der Umzug in die R\u00e4ume in der Walderseestra\u00dfe in Berlin Reinickendorf.<\/p>\n<p>In unserer Kanzlei betreut Sie ein Team aus 12 Mitarbeitern. Steuerberater und Diplom-Finanzwirte, Steuerfachgehilfen, Buchhalter und Lohnbuchhalter arbeiten Hand in Hand \u2013 in der Kanzlei und mit Ihnen. Denn gute Steuerberatung basiert f\u00fcr uns auf Kommunikation, nur so k\u00f6nnen wir Ihre steuerlichen Belange kennen und nach Ihren W\u00fcnschen gestalten.<\/p>\n<\/div>\t\t\t\t\t\t\t\t<\/div>\n\t\t\t\t<\/div>\n\t\t\t\t\t<\/div>\n\t\t<\/div>\n\t\t\t\t\t<\/div>\n\t\t<\/section>\n\t\t\t\t<\/div>\n\t\t","protected":false},"excerpt":{"rendered":"<p>Unsere Kanzlei Unsere Kanzlei geh\u00f6rt zu den alt eingesessenen Steuerberatungskanzleien in Berlin und wurde bereits zum Ende der 1940er Jahre gegr\u00fcndet. Die damalige Mandantschaft bestand vor allem aus \u00c4rzten und Zahn\u00e4rzten aus dem Raum Berlin. Bis heute betreuen wir diese Klientel und haben auf dem Gebiet der \u00e4rztlichen Steuerberatung viel<a class=\"moretag\" href=\"https:\/\/mmielke.de\/index.php\/unsere-kanzlei\/\"> Read more<\/a><\/p>\n","protected":false},"author":1,"featured_media":0,"parent":0,"menu_order":0,"comment_status":"closed","ping_status":"closed","template":"","meta":{"footnotes":""},"class_list":["post-160","page","type-page","status-publish","hentry"],"jetpack_sharing_enabled":true,"_links":{"self":[{"href":"https:\/\/mmielke.de\/index.php\/wp-json\/wp\/v2\/pages\/160","targetHints":{"allow":["GET"]}}],"collection":[{"href":"https:\/\/mmielke.de\/index.php\/wp-json\/wp\/v2\/pages"}],"about":[{"href":"https:\/\/mmielke.de\/index.php\/wp-json\/wp\/v2\/types\/page"}],"author":[{"embeddable":true,"href":"https:\/\/mmielke.de\/index.php\/wp-json\/wp\/v2\/users\/1"}],"replies":[{"embeddable":true,"href":"https:\/\/mmielke.de\/index.php\/wp-json\/wp\/v2\/comments?post=160"}],"version-history":[{"count":1,"href":"https:\/\/mmielke.de\/index.php\/wp-json\/wp\/v2\/pages\/160\/revisions"}],"predecessor-version":[{"id":823,"href":"https:\/\/mmielke.de\/index.php\/wp-json\/wp\/v2\/pages\/160\/revisions\/823"}],"wp:attachment":[{"href":"https:\/\/mmielke.de\/index.php\/wp-json\/wp\/v2\/media?parent=160"}],"curies":[{"name":"wp","href":"https:\/\/api.w.org\/{rel}","templated":true}]}}