{"id":183,"date":"2020-10-21T08:11:02","date_gmt":"2020-10-21T06:11:02","guid":{"rendered":"http:\/\/mielke.wortundbild-berlin.de\/?page_id=183"},"modified":"2026-03-02T10:22:48","modified_gmt":"2026-03-02T09:22:48","slug":"leistungen","status":"publish","type":"page","link":"https:\/\/mmielke.de\/index.php\/leistungen\/","title":{"rendered":"Leistungen"},"content":{"rendered":"\t\t<div data-elementor-type=\"wp-page\" data-elementor-id=\"183\" class=\"elementor elementor-183\">\n\t\t\t\t\t\t<section class=\"elementor-section elementor-top-section elementor-element elementor-element-0fb371e elementor-section-boxed elementor-section-height-default elementor-section-height-default\" data-id=\"0fb371e\" data-element_type=\"section\" data-e-type=\"section\">\n\t\t\t\t\t\t<div class=\"elementor-container elementor-column-gap-default\">\n\t\t\t\t\t<div class=\"elementor-column elementor-col-100 elementor-top-column elementor-element elementor-element-07b14c8\" data-id=\"07b14c8\" data-element_type=\"column\" data-e-type=\"column\">\n\t\t\t<div class=\"elementor-widget-wrap elementor-element-populated\">\n\t\t\t\t\t\t<div class=\"elementor-element elementor-element-eef141c elementor-widget elementor-widget-heading\" data-id=\"eef141c\" data-element_type=\"widget\" data-e-type=\"widget\" data-widget_type=\"heading.default\">\n\t\t\t\t<div class=\"elementor-widget-container\">\n\t\t\t\t\t<h2 class=\"elementor-heading-title elementor-size-default\">Steuern und Finanzen - unsere Leistungen<\/h2>\t\t\t\t<\/div>\n\t\t\t\t<\/div>\n\t\t\t\t\t<\/div>\n\t\t<\/div>\n\t\t\t\t\t<\/div>\n\t\t<\/section>\n\t\t\t\t<section class=\"elementor-section elementor-top-section elementor-element elementor-element-1a7fa5b elementor-section-boxed elementor-section-height-default elementor-section-height-default\" data-id=\"1a7fa5b\" data-element_type=\"section\" data-e-type=\"section\">\n\t\t\t\t\t\t<div class=\"elementor-container elementor-column-gap-default\">\n\t\t\t\t\t<div class=\"elementor-column elementor-col-50 elementor-top-column elementor-element elementor-element-2f32df0\" data-id=\"2f32df0\" data-element_type=\"column\" data-e-type=\"column\">\n\t\t\t<div class=\"elementor-widget-wrap elementor-element-populated\">\n\t\t\t\t\t\t<div class=\"elementor-element elementor-element-fa181ba elementor-widget elementor-widget-text-editor\" data-id=\"fa181ba\" data-element_type=\"widget\" data-e-type=\"widget\" data-widget_type=\"text-editor.default\">\n\t\t\t\t<div class=\"elementor-widget-container\">\n\t\t\t\t\t\t\t\t\t<p>Die Leistungen eines Steuerberaters sind vielf\u00e4ltig. Einen \u00dcberblick \u00fcber den Beruf sowie wesentliche Arbeitsfelder gibt das folgende Leitbild des steuerberatenden Berufs: <\/p>\n<blockquote>\n<p>&#8222;Als Steuerberater und Steuerberaterinnen sind wir Angeh\u00f6rige eines Freien Berufs und Organ der Steuerrechtspflege. Durch die gesetzlich gesch\u00fctzte berufliche Verschwiegenheit und die detaillierte Kenntnis der wirtschaftlichen und pers\u00f6nlichen Verh\u00e4ltnisse unserer Mandanten tragen wir ein hohes Ma\u00df an Verantwortung und haben eine besondere Vertrauensstellung. Wir begleiten unsere Mandanten als unabh\u00e4ngige und kompetente Ratgeber bei allen steuerlichen und wirtschaftlichen Fragestellungen mit dem Ziel, deren Interessen als Unternehmer, Institutionen oder Privatpersonen optimal zu vertreten sowie deren wirtschaftlichen Erfolg zu f\u00f6rdern und zu sichern. Unser Leistungsangebot umfasst insbesondere die Rechnungslegung nach nationalen und internationalen Vorgaben, die Steuerberatung und den steuerlichen Rechtsschutz. Die Beratung in privaten Verm\u00f6gensangelegenheiten, die betriebswirtschaftliche Beratung sowie die Durchf\u00fchrung von gesetzlichen und freiwilligen Pr\u00fcfungen sind weitere wesentliche T\u00e4tigkeitsfelder. Wir \u00fcben unseren Beruf unabh\u00e4ngig, eigenverantwortlich und gewissenhaft aus. Durch hohe Qualifikation verbunden mit konsequenter Fortbildung, effiziente Kanzleif\u00fchrung und Qualit\u00e4tsmanagement schaffen wir die Grundlage, um auch zuk\u00fcnftigen Anforderungen flexibel begegnen zu k\u00f6nnen.&#8220;<\/p>\n<\/blockquote>\n<p>Quelle: <a href=\"http:\/\/www.steuerberater-perspektiven.de\/\">http:\/\/www.steuerberater-perspektiven.de\/<\/a><\/p>\t\t\t\t\t\t\t\t<\/div>\n\t\t\t\t<\/div>\n\t\t\t\t\t<\/div>\n\t\t<\/div>\n\t\t\t\t<div class=\"elementor-column elementor-col-50 elementor-top-column elementor-element elementor-element-ce5eaea\" data-id=\"ce5eaea\" data-element_type=\"column\" data-e-type=\"column\">\n\t\t\t<div class=\"elementor-widget-wrap elementor-element-populated\">\n\t\t\t\t\t\t<div class=\"elementor-element elementor-element-d2064cb elementor-widget elementor-widget-image\" data-id=\"d2064cb\" data-element_type=\"widget\" data-e-type=\"widget\" data-widget_type=\"image.default\">\n\t\t\t\t<div class=\"elementor-widget-container\">\n\t\t\t\t\t\t\t\t\t\t\t\t\t\t\t<img fetchpriority=\"high\" decoding=\"async\" width=\"424\" height=\"283\" src=\"https:\/\/mmielke.de\/wp-content\/uploads\/2020\/10\/Unsere_Leistungen.jpg\" class=\"attachment-large size-large wp-image-275\" alt=\"\" srcset=\"https:\/\/mmielke.de\/wp-content\/uploads\/2020\/10\/Unsere_Leistungen.jpg 424w, https:\/\/mmielke.de\/wp-content\/uploads\/2020\/10\/Unsere_Leistungen-300x200.jpg 300w, https:\/\/mmielke.de\/wp-content\/uploads\/2020\/10\/Unsere_Leistungen-360x240.jpg 360w\" sizes=\"(max-width: 424px) 100vw, 424px\" \/>\t\t\t\t\t\t\t\t\t\t\t\t\t\t\t<\/div>\n\t\t\t\t<\/div>\n\t\t\t\t<div class=\"elementor-element elementor-element-91c5792 elementor-widget elementor-widget-spacer\" data-id=\"91c5792\" data-element_type=\"widget\" data-e-type=\"widget\" data-widget_type=\"spacer.default\">\n\t\t\t\t<div class=\"elementor-widget-container\">\n\t\t\t\t\t\t\t<div class=\"elementor-spacer\">\n\t\t\t<div class=\"elementor-spacer-inner\"><\/div>\n\t\t<\/div>\n\t\t\t\t\t\t<\/div>\n\t\t\t\t<\/div>\n\t\t\t\t<div class=\"elementor-element elementor-element-b805cd8 elementor-widget elementor-widget-heading\" data-id=\"b805cd8\" data-element_type=\"widget\" data-e-type=\"widget\" data-widget_type=\"heading.default\">\n\t\t\t\t<div class=\"elementor-widget-container\">\n\t\t\t\t\t<h4 class=\"elementor-heading-title elementor-size-default\">Leistungs\u00fcbersicht<\/h4>\t\t\t\t<\/div>\n\t\t\t\t<\/div>\n\t\t\t\t<div class=\"elementor-element elementor-element-4e3da3d elementor-widget elementor-widget-text-editor\" data-id=\"4e3da3d\" data-element_type=\"widget\" data-e-type=\"widget\" data-widget_type=\"text-editor.default\">\n\t\t\t\t<div class=\"elementor-widget-container\">\n\t\t\t\t\t\t\t\t\t<div class=\"ce_text g4last last block\"><p><a href=\"\/index.php\/leistungen\/buchhaltung\/\">&gt; Finanzbuchhaltung<\/a><\/p><p><a href=\"\/index.php\/leistungen\/loehne\/\">&gt; Lohnbuchhaltung und Personal<\/a><\/p><p><a href=\"\/index.php\/leistungen\/jahresabschluss\/\">&gt; Jahresabschl\u00fcsse und Bilanzen<\/a><\/p><p><a href=\"\/index.php\/leistungen\/steuererklaerung\/\">&gt; Steuererkl\u00e4rungen<\/a><\/p><p><a href=\"\/index.php\/leistungen\/betriebspruefung\/\">&gt; Betriebspr\u00fcfungen<\/a><\/p><p><a href=\"\/index.php\/leistungen\/beratung\/\">&gt; Betriebswirtschaftliche Beratung<\/a><\/p><\/div>\t\t\t\t\t\t\t\t<\/div>\n\t\t\t\t<\/div>\n\t\t\t\t\t<\/div>\n\t\t<\/div>\n\t\t\t\t\t<\/div>\n\t\t<\/section>\n\t\t\t\t<\/div>\n\t\t","protected":false},"excerpt":{"rendered":"<p>Steuern und Finanzen &#8211; unsere Leistungen Die Leistungen eines Steuerberaters sind vielf\u00e4ltig. Einen \u00dcberblick \u00fcber den Beruf sowie wesentliche Arbeitsfelder gibt das folgende Leitbild des steuerberatenden Berufs: &#8222;Als Steuerberater und Steuerberaterinnen sind wir Angeh\u00f6rige eines Freien Berufs und Organ der Steuerrechtspflege. Durch die gesetzlich gesch\u00fctzte berufliche Verschwiegenheit und die detaillierte<a class=\"moretag\" href=\"https:\/\/mmielke.de\/index.php\/leistungen\/\"> Read more<\/a><\/p>\n","protected":false},"author":1,"featured_media":0,"parent":0,"menu_order":0,"comment_status":"closed","ping_status":"closed","template":"","meta":{"footnotes":""},"class_list":["post-183","page","type-page","status-publish","hentry"],"jetpack_sharing_enabled":true,"_links":{"self":[{"href":"https:\/\/mmielke.de\/index.php\/wp-json\/wp\/v2\/pages\/183","targetHints":{"allow":["GET"]}}],"collection":[{"href":"https:\/\/mmielke.de\/index.php\/wp-json\/wp\/v2\/pages"}],"about":[{"href":"https:\/\/mmielke.de\/index.php\/wp-json\/wp\/v2\/types\/page"}],"author":[{"embeddable":true,"href":"https:\/\/mmielke.de\/index.php\/wp-json\/wp\/v2\/users\/1"}],"replies":[{"embeddable":true,"href":"https:\/\/mmielke.de\/index.php\/wp-json\/wp\/v2\/comments?post=183"}],"version-history":[{"count":1,"href":"https:\/\/mmielke.de\/index.php\/wp-json\/wp\/v2\/pages\/183\/revisions"}],"predecessor-version":[{"id":815,"href":"https:\/\/mmielke.de\/index.php\/wp-json\/wp\/v2\/pages\/183\/revisions\/815"}],"wp:attachment":[{"href":"https:\/\/mmielke.de\/index.php\/wp-json\/wp\/v2\/media?parent=183"}],"curies":[{"name":"wp","href":"https:\/\/api.w.org\/{rel}","templated":true}]}}