{"id":185,"date":"2020-10-21T08:11:29","date_gmt":"2020-10-21T06:11:29","guid":{"rendered":"http:\/\/mielke.wortundbild-berlin.de\/?page_id=185"},"modified":"2026-03-02T10:32:47","modified_gmt":"2026-03-02T09:32:47","slug":"kontakt","status":"publish","type":"page","link":"https:\/\/mmielke.de\/index.php\/unsere-kanzlei\/kontakt\/","title":{"rendered":"Kontakt"},"content":{"rendered":"\t\t<div data-elementor-type=\"wp-page\" data-elementor-id=\"185\" class=\"elementor elementor-185\">\n\t\t\t\t\t\t<section class=\"elementor-section elementor-top-section elementor-element elementor-element-30900a8 elementor-section-boxed elementor-section-height-default elementor-section-height-default\" data-id=\"30900a8\" data-element_type=\"section\" data-e-type=\"section\">\n\t\t\t\t\t\t<div class=\"elementor-container elementor-column-gap-default\">\n\t\t\t\t\t<div class=\"elementor-column elementor-col-100 elementor-top-column elementor-element elementor-element-3e5fdc4\" data-id=\"3e5fdc4\" data-element_type=\"column\" data-e-type=\"column\">\n\t\t\t<div class=\"elementor-widget-wrap elementor-element-populated\">\n\t\t\t\t\t\t<div class=\"elementor-element elementor-element-453429a elementor-widget elementor-widget-heading\" data-id=\"453429a\" data-element_type=\"widget\" data-e-type=\"widget\" data-widget_type=\"heading.default\">\n\t\t\t\t<div class=\"elementor-widget-container\">\n\t\t\t\t\t<h2 class=\"elementor-heading-title elementor-size-default\">So nehmen Sie Kontakt zu uns auf<\/h2>\t\t\t\t<\/div>\n\t\t\t\t<\/div>\n\t\t\t\t\t<\/div>\n\t\t<\/div>\n\t\t\t\t\t<\/div>\n\t\t<\/section>\n\t\t\t\t<section class=\"elementor-section elementor-top-section elementor-element elementor-element-50a6bab elementor-section-boxed elementor-section-height-default elementor-section-height-default\" data-id=\"50a6bab\" data-element_type=\"section\" data-e-type=\"section\">\n\t\t\t\t\t\t<div class=\"elementor-container elementor-column-gap-default\">\n\t\t\t\t\t<div class=\"elementor-column elementor-col-100 elementor-top-column elementor-element elementor-element-d895348\" data-id=\"d895348\" data-element_type=\"column\" data-e-type=\"column\">\n\t\t\t<div class=\"elementor-widget-wrap elementor-element-populated\">\n\t\t\t\t\t\t<div class=\"elementor-element elementor-element-bdfa30a elementor-widget elementor-widget-text-editor\" data-id=\"bdfa30a\" data-element_type=\"widget\" data-e-type=\"widget\" data-widget_type=\"text-editor.default\">\n\t\t\t\t<div class=\"elementor-widget-container\">\n\t\t\t\t\t\t\t\t\t<p>Um Ihre Daten bestm\u00f6glich zu sch\u00fctzen, verzichten wir darauf, Ihnen ein Kontaktformular auf unserer Website zur Verf\u00fcgung zu stellen. Wenn Sie per E-Mail Kontakt zu uns aufnehmen m\u00f6chten, schreiben Sie bitte an:<\/p>\n<p style=\"text-align: center;\"><a href=\"mailto:steuerberaterin@mmielke.de\">steuerberaterin@mmielke.de<\/a><\/p>\n<p>Telefonisch erreichen Sie uns unter:<\/p>\n<p style=\"text-align: center;\">030 461 80 37<\/p>\t\t\t\t\t\t\t\t<\/div>\n\t\t\t\t<\/div>\n\t\t\t\t\t<\/div>\n\t\t<\/div>\n\t\t\t\t\t<\/div>\n\t\t<\/section>\n\t\t\t\t<\/div>\n\t\t","protected":false},"excerpt":{"rendered":"<p>So nehmen Sie Kontakt zu uns auf Um Ihre Daten bestm\u00f6glich zu sch\u00fctzen, verzichten wir darauf, Ihnen ein Kontaktformular auf unserer Website zur Verf\u00fcgung zu stellen. Wenn Sie per E-Mail Kontakt zu uns aufnehmen m\u00f6chten, schreiben Sie bitte an: steuerberaterin@mmielke.de Telefonisch erreichen Sie uns unter: 030 461 80 37<\/p>\n","protected":false},"author":1,"featured_media":0,"parent":160,"menu_order":0,"comment_status":"closed","ping_status":"closed","template":"","meta":{"footnotes":""},"class_list":["post-185","page","type-page","status-publish","hentry"],"jetpack_sharing_enabled":true,"_links":{"self":[{"href":"https:\/\/mmielke.de\/index.php\/wp-json\/wp\/v2\/pages\/185","targetHints":{"allow":["GET"]}}],"collection":[{"href":"https:\/\/mmielke.de\/index.php\/wp-json\/wp\/v2\/pages"}],"about":[{"href":"https:\/\/mmielke.de\/index.php\/wp-json\/wp\/v2\/types\/page"}],"author":[{"embeddable":true,"href":"https:\/\/mmielke.de\/index.php\/wp-json\/wp\/v2\/users\/1"}],"replies":[{"embeddable":true,"href":"https:\/\/mmielke.de\/index.php\/wp-json\/wp\/v2\/comments?post=185"}],"version-history":[{"count":4,"href":"https:\/\/mmielke.de\/index.php\/wp-json\/wp\/v2\/pages\/185\/revisions"}],"predecessor-version":[{"id":905,"href":"https:\/\/mmielke.de\/index.php\/wp-json\/wp\/v2\/pages\/185\/revisions\/905"}],"up":[{"embeddable":true,"href":"https:\/\/mmielke.de\/index.php\/wp-json\/wp\/v2\/pages\/160"}],"wp:attachment":[{"href":"https:\/\/mmielke.de\/index.php\/wp-json\/wp\/v2\/media?parent=185"}],"curies":[{"name":"wp","href":"https:\/\/api.w.org\/{rel}","templated":true}]}}