{"id":257,"date":"2020-10-27T15:45:09","date_gmt":"2020-10-27T14:45:09","guid":{"rendered":"http:\/\/mielke.wortundbild-berlin.de\/?page_id=257"},"modified":"2026-03-02T10:24:19","modified_gmt":"2026-03-02T09:24:19","slug":"loehne","status":"publish","type":"page","link":"https:\/\/mmielke.de\/index.php\/leistungen\/loehne\/","title":{"rendered":"L\u00f6hne"},"content":{"rendered":"\t\t<div data-elementor-type=\"wp-page\" data-elementor-id=\"257\" class=\"elementor elementor-257\">\n\t\t\t\t\t\t<section class=\"elementor-section elementor-top-section elementor-element elementor-element-9f95a97 elementor-section-boxed elementor-section-height-default elementor-section-height-default\" data-id=\"9f95a97\" data-element_type=\"section\" data-e-type=\"section\">\n\t\t\t\t\t\t<div class=\"elementor-container elementor-column-gap-default\">\n\t\t\t\t\t<div class=\"elementor-column elementor-col-100 elementor-top-column elementor-element elementor-element-08a1cf6\" data-id=\"08a1cf6\" data-element_type=\"column\" data-e-type=\"column\">\n\t\t\t<div class=\"elementor-widget-wrap elementor-element-populated\">\n\t\t\t\t\t\t<div class=\"elementor-element elementor-element-a026c27 elementor-widget elementor-widget-heading\" data-id=\"a026c27\" data-element_type=\"widget\" data-e-type=\"widget\" data-widget_type=\"heading.default\">\n\t\t\t\t<div class=\"elementor-widget-container\">\n\t\t\t\t\t<h2 class=\"elementor-heading-title elementor-size-default\">Lohnbuchhaltung und Personal<\/h2>\t\t\t\t<\/div>\n\t\t\t\t<\/div>\n\t\t\t\t\t<\/div>\n\t\t<\/div>\n\t\t\t\t\t<\/div>\n\t\t<\/section>\n\t\t\t\t<section class=\"elementor-section elementor-top-section elementor-element elementor-element-e64d2b9 elementor-section-boxed elementor-section-height-default elementor-section-height-default\" data-id=\"e64d2b9\" data-element_type=\"section\" data-e-type=\"section\">\n\t\t\t\t\t\t<div class=\"elementor-container elementor-column-gap-default\">\n\t\t\t\t\t<div class=\"elementor-column elementor-col-50 elementor-top-column elementor-element elementor-element-7e025cd\" data-id=\"7e025cd\" data-element_type=\"column\" data-e-type=\"column\">\n\t\t\t<div class=\"elementor-widget-wrap elementor-element-populated\">\n\t\t\t\t\t\t<div class=\"elementor-element elementor-element-c5362a0 elementor-widget elementor-widget-text-editor\" data-id=\"c5362a0\" data-element_type=\"widget\" data-e-type=\"widget\" data-widget_type=\"text-editor.default\">\n\t\t\t\t<div class=\"elementor-widget-container\">\n\t\t\t\t\t\t\t\t\t<div class=\"ce_text g8 block\">\n<p>Der Kern der Lohnbuchhaltung liegt in der Abwicklung von Lohn- und Gehaltsabrechnungen. Doch wir tun noch viel mehr f\u00fcr Sie:<\/p>\n<ul>\n<li>Pflege und Aktualisierung der Personalstammdaten<\/li>\n<li>F\u00fchrung der Jahreslohnkonten<\/li>\n<li>Durchf\u00fchrung aller gesetzlich vorgeschriebenen Meldungen wie Lohnsteueranmeldung und Beitragsnachweise<\/li>\n<li>Erstellung von Buchungsbelegen, Vorbereitung von \u00dcberweisungstr\u00e4gern<\/li>\n<li>Beratung bei der Erstellung von Arbeitsvertr\u00e4gen<\/li>\n<li>Erstellung der Lohn- und Gehaltsabrechnungen<\/li>\n<li>Erstellen der Lohnsteueranmeldungen zum jeweiligen F\u00e4lligkeitstermin<\/li>\n<li>Elektronische Daten\u00fcbermittlung an das Finanzamt<\/li>\n<\/ul>\n<p>Eines unserer Spezialgebiete ist der Bereich Baulohn, hier begleiten wir Unternehmen, die im Bau- bzw. Baunebengewerbe t\u00e4tig sind. Neben den T\u00e4tigkeiten der normalen Lohnbuchhaltung \u00fcbernehmen wir folgende T\u00e4tigkeiten f\u00fcr Sie:\u00a0<\/p>\n<ul>\n<li>Erstellen der Monatsmeldungen an die Sozialkassen des Bauhaupt- und Baunebengewerbes<\/li>\n<li>Erstellen der Antr\u00e4ge auf Mehraufwands-Wintergeld, Zuschuss-Wintergeld, Saison-Kurzarbeitergeld<\/li>\n<li>Abrechnung der Urlaubsentgelte \u00fcber f\u00fcr das Baugewerbe zust\u00e4ndigen Sozialkassen<\/li>\n<\/ul>\n<\/div>\t\t\t\t\t\t\t\t<\/div>\n\t\t\t\t<\/div>\n\t\t\t\t\t<\/div>\n\t\t<\/div>\n\t\t\t\t<div class=\"elementor-column elementor-col-50 elementor-top-column elementor-element elementor-element-2e0f846\" data-id=\"2e0f846\" data-element_type=\"column\" data-e-type=\"column\">\n\t\t\t<div class=\"elementor-widget-wrap elementor-element-populated\">\n\t\t\t\t\t\t<div class=\"elementor-element elementor-element-efb0173 elementor-widget elementor-widget-image\" data-id=\"efb0173\" data-element_type=\"widget\" data-e-type=\"widget\" data-widget_type=\"image.default\">\n\t\t\t\t<div class=\"elementor-widget-container\">\n\t\t\t\t\t\t\t\t\t\t\t\t\t\t\t<img fetchpriority=\"high\" decoding=\"async\" width=\"423\" height=\"283\" src=\"https:\/\/mmielke.de\/wp-content\/uploads\/2020\/10\/Lohnbuchhaltung.jpg\" class=\"attachment-large size-large wp-image-291\" alt=\"\" srcset=\"https:\/\/mmielke.de\/wp-content\/uploads\/2020\/10\/Lohnbuchhaltung.jpg 423w, https:\/\/mmielke.de\/wp-content\/uploads\/2020\/10\/Lohnbuchhaltung-300x201.jpg 300w, https:\/\/mmielke.de\/wp-content\/uploads\/2020\/10\/Lohnbuchhaltung-360x240.jpg 360w\" sizes=\"(max-width: 423px) 100vw, 423px\" \/>\t\t\t\t\t\t\t\t\t\t\t\t\t\t\t<\/div>\n\t\t\t\t<\/div>\n\t\t\t\t<div class=\"elementor-element elementor-element-684339a elementor-widget elementor-widget-spacer\" data-id=\"684339a\" data-element_type=\"widget\" data-e-type=\"widget\" data-widget_type=\"spacer.default\">\n\t\t\t\t<div class=\"elementor-widget-container\">\n\t\t\t\t\t\t\t<div class=\"elementor-spacer\">\n\t\t\t<div class=\"elementor-spacer-inner\"><\/div>\n\t\t<\/div>\n\t\t\t\t\t\t<\/div>\n\t\t\t\t<\/div>\n\t\t\t\t<div class=\"elementor-element elementor-element-cae9aa1 elementor-widget elementor-widget-heading\" data-id=\"cae9aa1\" data-element_type=\"widget\" data-e-type=\"widget\" data-widget_type=\"heading.default\">\n\t\t\t\t<div class=\"elementor-widget-container\">\n\t\t\t\t\t<h4 class=\"elementor-heading-title elementor-size-default\">Leistungs\u00fcbersicht<\/h4>\t\t\t\t<\/div>\n\t\t\t\t<\/div>\n\t\t\t\t<div class=\"elementor-element elementor-element-7ec35d2 elementor-widget elementor-widget-text-editor\" data-id=\"7ec35d2\" data-element_type=\"widget\" data-e-type=\"widget\" data-widget_type=\"text-editor.default\">\n\t\t\t\t<div class=\"elementor-widget-container\">\n\t\t\t\t\t\t\t\t\t<div class=\"ce_text g4last last block\"><div class=\"ce_text g4last last block\"><p><a href=\"\/index.php\/leistungen\/buchhaltung\/\">&gt; Finanzbuchhaltung<\/a><\/p><p>&gt; Lohnbuchhaltung und Personal<\/p><p><a href=\"\/index.php\/leistungen\/jahresabschluss\/\">&gt; Jahresabschl\u00fcsse und Bilanzen<\/a><\/p><p><a href=\"\/index.php\/leistungen\/steuererklaerung\/\">&gt; Steuererkl\u00e4rungen<\/a><\/p><p><a href=\"\/index.php\/leistungen\/betriebspruefung\/\">&gt; Betriebspr\u00fcfungen<\/a><\/p><p><a href=\"\/index.php\/leistungen\/beratung\/\">&gt; Betriebswirtschaftliche Beratung<\/a><\/p><\/div><\/div>\t\t\t\t\t\t\t\t<\/div>\n\t\t\t\t<\/div>\n\t\t\t\t\t<\/div>\n\t\t<\/div>\n\t\t\t\t\t<\/div>\n\t\t<\/section>\n\t\t\t\t<\/div>\n\t\t","protected":false},"excerpt":{"rendered":"<p>Lohnbuchhaltung und Personal Der Kern der Lohnbuchhaltung liegt in der Abwicklung von Lohn- und Gehaltsabrechnungen. Doch wir tun noch viel mehr f\u00fcr Sie: Pflege und Aktualisierung der Personalstammdaten F\u00fchrung der Jahreslohnkonten Durchf\u00fchrung aller gesetzlich vorgeschriebenen Meldungen wie Lohnsteueranmeldung und Beitragsnachweise Erstellung von Buchungsbelegen, Vorbereitung von \u00dcberweisungstr\u00e4gern Beratung bei der Erstellung<a class=\"moretag\" href=\"https:\/\/mmielke.de\/index.php\/leistungen\/loehne\/\"> Read more<\/a><\/p>\n","protected":false},"author":1,"featured_media":0,"parent":183,"menu_order":0,"comment_status":"closed","ping_status":"closed","template":"","meta":{"footnotes":""},"class_list":["post-257","page","type-page","status-publish","hentry"],"jetpack_sharing_enabled":true,"_links":{"self":[{"href":"https:\/\/mmielke.de\/index.php\/wp-json\/wp\/v2\/pages\/257","targetHints":{"allow":["GET"]}}],"collection":[{"href":"https:\/\/mmielke.de\/index.php\/wp-json\/wp\/v2\/pages"}],"about":[{"href":"https:\/\/mmielke.de\/index.php\/wp-json\/wp\/v2\/types\/page"}],"author":[{"embeddable":true,"href":"https:\/\/mmielke.de\/index.php\/wp-json\/wp\/v2\/users\/1"}],"replies":[{"embeddable":true,"href":"https:\/\/mmielke.de\/index.php\/wp-json\/wp\/v2\/comments?post=257"}],"version-history":[{"count":1,"href":"https:\/\/mmielke.de\/index.php\/wp-json\/wp\/v2\/pages\/257\/revisions"}],"predecessor-version":[{"id":820,"href":"https:\/\/mmielke.de\/index.php\/wp-json\/wp\/v2\/pages\/257\/revisions\/820"}],"up":[{"embeddable":true,"href":"https:\/\/mmielke.de\/index.php\/wp-json\/wp\/v2\/pages\/183"}],"wp:attachment":[{"href":"https:\/\/mmielke.de\/index.php\/wp-json\/wp\/v2\/media?parent=257"}],"curies":[{"name":"wp","href":"https:\/\/api.w.org\/{rel}","templated":true}]}}