{"id":261,"date":"2020-10-27T15:45:56","date_gmt":"2020-10-27T14:45:56","guid":{"rendered":"http:\/\/mielke.wortundbild-berlin.de\/?page_id=261"},"modified":"2026-03-02T10:24:34","modified_gmt":"2026-03-02T09:24:34","slug":"steuererklaerung","status":"publish","type":"page","link":"https:\/\/mmielke.de\/index.php\/leistungen\/steuererklaerung\/","title":{"rendered":"Steuererkl\u00e4rung"},"content":{"rendered":"\t\t<div data-elementor-type=\"wp-page\" data-elementor-id=\"261\" class=\"elementor elementor-261\">\n\t\t\t\t\t\t<section class=\"elementor-section elementor-top-section elementor-element elementor-element-1b6798e elementor-section-boxed elementor-section-height-default elementor-section-height-default\" data-id=\"1b6798e\" data-element_type=\"section\" data-e-type=\"section\">\n\t\t\t\t\t\t<div class=\"elementor-container elementor-column-gap-default\">\n\t\t\t\t\t<div class=\"elementor-column elementor-col-100 elementor-top-column elementor-element elementor-element-d2bb68d\" data-id=\"d2bb68d\" data-element_type=\"column\" data-e-type=\"column\">\n\t\t\t<div class=\"elementor-widget-wrap elementor-element-populated\">\n\t\t\t\t\t\t<div class=\"elementor-element elementor-element-4069743 elementor-widget elementor-widget-heading\" data-id=\"4069743\" data-element_type=\"widget\" data-e-type=\"widget\" data-widget_type=\"heading.default\">\n\t\t\t\t<div class=\"elementor-widget-container\">\n\t\t\t\t\t<h2 class=\"elementor-heading-title elementor-size-default\">Die Steuererkl\u00e4rung<\/h2>\t\t\t\t<\/div>\n\t\t\t\t<\/div>\n\t\t\t\t\t<\/div>\n\t\t<\/div>\n\t\t\t\t\t<\/div>\n\t\t<\/section>\n\t\t\t\t<section class=\"elementor-section elementor-top-section elementor-element elementor-element-006ca9e elementor-section-boxed elementor-section-height-default elementor-section-height-default\" data-id=\"006ca9e\" data-element_type=\"section\" data-e-type=\"section\">\n\t\t\t\t\t\t<div class=\"elementor-container elementor-column-gap-default\">\n\t\t\t\t\t<div class=\"elementor-column elementor-col-50 elementor-top-column elementor-element elementor-element-a8ff6b4\" data-id=\"a8ff6b4\" data-element_type=\"column\" data-e-type=\"column\">\n\t\t\t<div class=\"elementor-widget-wrap elementor-element-populated\">\n\t\t\t\t\t\t<div class=\"elementor-element elementor-element-54e1444 elementor-widget elementor-widget-text-editor\" data-id=\"54e1444\" data-element_type=\"widget\" data-e-type=\"widget\" data-widget_type=\"text-editor.default\">\n\t\t\t\t<div class=\"elementor-widget-container\">\n\t\t\t\t\t\t\t\t\t<div class=\"ce_text g8 block\">\n<p>Die Steuererkl\u00e4rung beinhaltet Aussagen \u00fcber steuerlich relevante Sachverhalte. Sie dient mittelbar der Feststellung der Besteuerungsgrundlagen oder ist unmittelbar Grundlage der Steuerfestsetzung. Die Gesetze und Regelungen zu den einzelnen Steuerarten sind umfangreich und h\u00e4ufigen \u00c4nderungen unterworfen. Unser Team unterst\u00fctzt Sie gern bei der Ausarbeitung Ihrer Steuererkl\u00e4rung. Durch regelm\u00e4\u00dfige Weiterbildung sind wir dabei immer auf dem aktuellen Stand der Steuergesetzgebung, um so Ihre Interessen optimal wahrnehmen zu k\u00f6nnen. Schon der Bundesgerichtshof hat in einem Urteilsspruch von 1965 festgestellt: \u201eWer die Pflicht hat, Steuern zu zahlen, hat das Recht, Steuern zu sparen!&#8220; &#8211; darin sehen wir unsere Aufgabe.<\/p>\n<p>F\u00fcr Privatpersonen fertigen wir gern die folgenden Steuererkl\u00e4rungen an:<\/p>\n<ul>\n<li>Einkommensteuererkl\u00e4rung<\/li>\n<li>Erbschaftsteuererkl\u00e4rung<\/li>\n<li>Schenkungsteuererkl\u00e4rung<\/li>\n<\/ul>\n<p>Unternehmen stehen wir bei den folgenden Steuererkl\u00e4rungen zur Seite:<\/p>\n<ul>\n<li>K\u00f6rperschaftsteuererkl\u00e4rung<\/li>\n<li>Umsatzsteuerjahreserkl\u00e4rung<\/li>\n<\/ul>\n<p>Gewerbesteuererkl\u00e4rung<\/p>\n<p>Auch die folgenden Steueranmeldungen \u00fcbernehmen wir gern f\u00fcr Sie:<\/p>\n<ul>\n<li>Umsatzsteuervoranmeldung<\/li>\n<li>Lohnsteueranmeldung<\/li>\n<li>Kapitalertragsteueranmeldung<\/li>\n<\/ul>\n<\/div>\t\t\t\t\t\t\t\t<\/div>\n\t\t\t\t<\/div>\n\t\t\t\t\t<\/div>\n\t\t<\/div>\n\t\t\t\t<div class=\"elementor-column elementor-col-50 elementor-top-column elementor-element elementor-element-4f4b572\" data-id=\"4f4b572\" data-element_type=\"column\" data-e-type=\"column\">\n\t\t\t<div class=\"elementor-widget-wrap elementor-element-populated\">\n\t\t\t\t\t\t<div class=\"elementor-element elementor-element-bb82447 elementor-widget elementor-widget-image\" data-id=\"bb82447\" data-element_type=\"widget\" data-e-type=\"widget\" data-widget_type=\"image.default\">\n\t\t\t\t<div class=\"elementor-widget-container\">\n\t\t\t\t\t\t\t\t\t\t\t\t\t\t\t<img fetchpriority=\"high\" decoding=\"async\" width=\"424\" height=\"283\" src=\"https:\/\/mmielke.de\/wp-content\/uploads\/2020\/10\/Steuererklaerungen.jpg\" class=\"attachment-large size-large wp-image-299\" alt=\"\" srcset=\"https:\/\/mmielke.de\/wp-content\/uploads\/2020\/10\/Steuererklaerungen.jpg 424w, https:\/\/mmielke.de\/wp-content\/uploads\/2020\/10\/Steuererklaerungen-300x200.jpg 300w, https:\/\/mmielke.de\/wp-content\/uploads\/2020\/10\/Steuererklaerungen-360x240.jpg 360w\" sizes=\"(max-width: 424px) 100vw, 424px\" \/>\t\t\t\t\t\t\t\t\t\t\t\t\t\t\t<\/div>\n\t\t\t\t<\/div>\n\t\t\t\t<div class=\"elementor-element elementor-element-8696f82 elementor-widget elementor-widget-spacer\" data-id=\"8696f82\" data-element_type=\"widget\" data-e-type=\"widget\" data-widget_type=\"spacer.default\">\n\t\t\t\t<div class=\"elementor-widget-container\">\n\t\t\t\t\t\t\t<div class=\"elementor-spacer\">\n\t\t\t<div class=\"elementor-spacer-inner\"><\/div>\n\t\t<\/div>\n\t\t\t\t\t\t<\/div>\n\t\t\t\t<\/div>\n\t\t\t\t<div class=\"elementor-element elementor-element-486492b elementor-widget elementor-widget-heading\" data-id=\"486492b\" data-element_type=\"widget\" data-e-type=\"widget\" data-widget_type=\"heading.default\">\n\t\t\t\t<div class=\"elementor-widget-container\">\n\t\t\t\t\t<h4 class=\"elementor-heading-title elementor-size-default\">Leistungs\u00fcbersicht<\/h4>\t\t\t\t<\/div>\n\t\t\t\t<\/div>\n\t\t\t\t<div class=\"elementor-element elementor-element-811edd0 elementor-widget elementor-widget-text-editor\" data-id=\"811edd0\" data-element_type=\"widget\" data-e-type=\"widget\" data-widget_type=\"text-editor.default\">\n\t\t\t\t<div class=\"elementor-widget-container\">\n\t\t\t\t\t\t\t\t\t<div class=\"ce_text g4last last block\"><div class=\"ce_text g4last last block\"><p><a href=\"\/index.php\/leistungen\/buchhaltung\/\">&gt; Finanzbuchhaltung<\/a><\/p><p><a href=\"\/index.php\/leistungen\/loehne\/\">&gt; Lohnbuchhaltung und Personal<\/a><\/p><p><a href=\"\/index.php\/leistungen\/jahresabschluss\/\">&gt; Jahresabschl\u00fcsse und Bilanzen<\/a><\/p><p>&gt; Steuererkl\u00e4rungen<\/p><p><a href=\"\/index.php\/leistungen\/betriebspruefung\/\">&gt; Betriebspr\u00fcfungen<\/a><\/p><p><a href=\"\/index.php\/leistungen\/beratung\/\">&gt; Betriebswirtschaftliche Beratung<\/a><\/p><\/div><\/div>\t\t\t\t\t\t\t\t<\/div>\n\t\t\t\t<\/div>\n\t\t\t\t\t<\/div>\n\t\t<\/div>\n\t\t\t\t\t<\/div>\n\t\t<\/section>\n\t\t\t\t<\/div>\n\t\t","protected":false},"excerpt":{"rendered":"<p>Die Steuererkl\u00e4rung Die Steuererkl\u00e4rung beinhaltet Aussagen \u00fcber steuerlich relevante Sachverhalte. Sie dient mittelbar der Feststellung der Besteuerungsgrundlagen oder ist unmittelbar Grundlage der Steuerfestsetzung. Die Gesetze und Regelungen zu den einzelnen Steuerarten sind umfangreich und h\u00e4ufigen \u00c4nderungen unterworfen. Unser Team unterst\u00fctzt Sie gern bei der Ausarbeitung Ihrer Steuererkl\u00e4rung. Durch regelm\u00e4\u00dfige Weiterbildung<a class=\"moretag\" href=\"https:\/\/mmielke.de\/index.php\/leistungen\/steuererklaerung\/\"> Read more<\/a><\/p>\n","protected":false},"author":1,"featured_media":0,"parent":183,"menu_order":0,"comment_status":"closed","ping_status":"closed","template":"","meta":{"footnotes":""},"class_list":["post-261","page","type-page","status-publish","hentry"],"jetpack_sharing_enabled":true,"_links":{"self":[{"href":"https:\/\/mmielke.de\/index.php\/wp-json\/wp\/v2\/pages\/261","targetHints":{"allow":["GET"]}}],"collection":[{"href":"https:\/\/mmielke.de\/index.php\/wp-json\/wp\/v2\/pages"}],"about":[{"href":"https:\/\/mmielke.de\/index.php\/wp-json\/wp\/v2\/types\/page"}],"author":[{"embeddable":true,"href":"https:\/\/mmielke.de\/index.php\/wp-json\/wp\/v2\/users\/1"}],"replies":[{"embeddable":true,"href":"https:\/\/mmielke.de\/index.php\/wp-json\/wp\/v2\/comments?post=261"}],"version-history":[{"count":1,"href":"https:\/\/mmielke.de\/index.php\/wp-json\/wp\/v2\/pages\/261\/revisions"}],"predecessor-version":[{"id":821,"href":"https:\/\/mmielke.de\/index.php\/wp-json\/wp\/v2\/pages\/261\/revisions\/821"}],"up":[{"embeddable":true,"href":"https:\/\/mmielke.de\/index.php\/wp-json\/wp\/v2\/pages\/183"}],"wp:attachment":[{"href":"https:\/\/mmielke.de\/index.php\/wp-json\/wp\/v2\/media?parent=261"}],"curies":[{"name":"wp","href":"https:\/\/api.w.org\/{rel}","templated":true}]}}