{"id":263,"date":"2020-10-27T15:46:23","date_gmt":"2020-10-27T14:46:23","guid":{"rendered":"http:\/\/mielke.wortundbild-berlin.de\/?page_id=263"},"modified":"2026-03-02T10:23:30","modified_gmt":"2026-03-02T09:23:30","slug":"betriebspruefung","status":"publish","type":"page","link":"https:\/\/mmielke.de\/index.php\/leistungen\/betriebspruefung\/","title":{"rendered":"Betriebspr\u00fcfung"},"content":{"rendered":"\t\t<div data-elementor-type=\"wp-page\" data-elementor-id=\"263\" class=\"elementor elementor-263\">\n\t\t\t\t\t\t<section class=\"elementor-section elementor-top-section elementor-element elementor-element-c4dbc00 elementor-section-boxed elementor-section-height-default elementor-section-height-default\" data-id=\"c4dbc00\" data-element_type=\"section\" data-e-type=\"section\">\n\t\t\t\t\t\t<div class=\"elementor-container elementor-column-gap-default\">\n\t\t\t\t\t<div class=\"elementor-column elementor-col-100 elementor-top-column elementor-element elementor-element-3cf9d00\" data-id=\"3cf9d00\" data-element_type=\"column\" data-e-type=\"column\">\n\t\t\t<div class=\"elementor-widget-wrap elementor-element-populated\">\n\t\t\t\t\t\t<div class=\"elementor-element elementor-element-7c827ff elementor-widget elementor-widget-heading\" data-id=\"7c827ff\" data-element_type=\"widget\" data-e-type=\"widget\" data-widget_type=\"heading.default\">\n\t\t\t\t<div class=\"elementor-widget-container\">\n\t\t\t\t\t<h2 class=\"elementor-heading-title elementor-size-default\">Betriebspr\u00fcfungen<\/h2>\t\t\t\t<\/div>\n\t\t\t\t<\/div>\n\t\t\t\t\t<\/div>\n\t\t<\/div>\n\t\t\t\t\t<\/div>\n\t\t<\/section>\n\t\t\t\t<section class=\"elementor-section elementor-top-section elementor-element elementor-element-46d33d7 elementor-section-boxed elementor-section-height-default elementor-section-height-default\" data-id=\"46d33d7\" data-element_type=\"section\" data-e-type=\"section\">\n\t\t\t\t\t\t<div class=\"elementor-container elementor-column-gap-default\">\n\t\t\t\t\t<div class=\"elementor-column elementor-col-50 elementor-top-column elementor-element elementor-element-e4a96fa\" data-id=\"e4a96fa\" data-element_type=\"column\" data-e-type=\"column\">\n\t\t\t<div class=\"elementor-widget-wrap elementor-element-populated\">\n\t\t\t\t\t\t<div class=\"elementor-element elementor-element-f56f8fb elementor-widget elementor-widget-text-editor\" data-id=\"f56f8fb\" data-element_type=\"widget\" data-e-type=\"widget\" data-widget_type=\"text-editor.default\">\n\t\t\t\t<div class=\"elementor-widget-container\">\n\t\t\t\t\t\t\t\t\t<div class=\"ce_text g8 block\">\n<p>Egal ob Sie Einzelunternehmer sind oder eine gro\u00dfe Gesellschaft f\u00fchren \u2013 fr\u00fcher oder sp\u00e4ter wird auch auf Sie eine Betriebspr\u00fcfung zukommen. Mit guter Vorbereitung stellen Betriebspr\u00fcfungen kein Problem dar. Bei den folgenden Pr\u00fcfungen begleiten wir Sie gern und stehen Ihnen beratend zur Seite:<\/p>\n<ul>\n<li>Pr\u00fcfungen durch das Finanzamt<\/li>\n<\/ul>\n<p>Die Betriebspr\u00fcfung oder Au\u00dfenpr\u00fcfung ist ein Sachaufkl\u00e4rungsverfahren der Finanzbeh\u00f6rden. Gepr\u00fcft werden Unternehmen wie auch Freiberufler und Privatpersonen, Gegenstand der Pr\u00fcfung k\u00f6nnen ein oder mehrere Steuerarten und Besteuerungszeitr\u00e4ume oder aber bestimmte Sachverhalte sein.<\/p>\n<ul>\n<li>Pr\u00fcfungen durch den Rentenversicherungstr\u00e4ger<\/li>\n<\/ul>\n<p>Der Rentenversicherungstr\u00e4ger f\u00fchrt die Betriebspr\u00fcfung der gesetzlichen Unfallversicherung durch. Schwerpunkte der Pr\u00fcfung liegen in der durch den Arbeitgeber vorgenommenen versicherungsrechtlichen Beurteilung der Besch\u00e4ftigungsverh\u00e4ltnisse, der f\u00fcr die Beitragsberechnung vorgenommenen Beurteilung des Arbeitsentgelts und der erfolgten Berechnungen und zeitlichen Zuordnung der Beitr\u00e4ge. Neben anderen Punkten wird auch die F\u00fchrung der Entgeltunterlagen sowie die Vollst\u00e4ndigkeit der Beitragsnachweise untersucht.<\/p>\n<ul>\n<li>Pr\u00fcfungen durch die Berufsgenossenschaft<\/li>\n<\/ul>\n<p>Die Pr\u00fcfung der Berufsgenossenschaft wird von technischen Aufsichtsbeamten durchgef\u00fchrt, die die Unfallpr\u00e4vention im Unternehmen pr\u00fcfen. Die ehemals auch von der Berufsgenossenschaft durchgef\u00fchrte Betriebspr\u00fcfung ist seit 2010 in die Verantwortlichkeit der Rentenversicherungstr\u00e4ger \u00fcbergegangen.<\/p>\n<ul>\n<li>Pr\u00fcfungen durch das Arbeitsamt<\/li>\n<\/ul>\n<p>Eine Betriebspr\u00fcfung durch das Arbeitsamt dient dem Zweck, Leistungsmissbrauch, Schwarzarbeit, illegale Besch\u00e4ftigung und unerlaubte Ausl\u00e4nderbesch\u00e4ftigung aufzudecken und zu verhindern. Die Pr\u00fcfung kann auf konkretem Verdacht beruhen, wird aber auch routinem\u00e4\u00dfig durch die Arbeits- und Hauptzoll\u00e4mter durchgef\u00fchrt.<\/p>\n<p>Neben den Pr\u00fcfungen durch die genannten Stellen k\u00f6nnen Sie aber auch freiwillige Pr\u00fcfungen mit Ihrem Unternehmen absolvieren. Auf Wunsch f\u00fchren wir f\u00fcr Sie und mit Ihnen betriebswirtschaftliche Pr\u00fcfungen durch. Ebenso bieten wir freiwillige Jahresabschlusspr\u00fcfungen nach HGB sowie Pr\u00fcfungen gem\u00e4\u00df der Makler- und Bautr\u00e4gerverordnung an.<\/p>\n<\/div>\t\t\t\t\t\t\t\t<\/div>\n\t\t\t\t<\/div>\n\t\t\t\t\t<\/div>\n\t\t<\/div>\n\t\t\t\t<div class=\"elementor-column elementor-col-50 elementor-top-column elementor-element elementor-element-e079ce7\" data-id=\"e079ce7\" data-element_type=\"column\" data-e-type=\"column\">\n\t\t\t<div class=\"elementor-widget-wrap elementor-element-populated\">\n\t\t\t\t\t\t<div class=\"elementor-element elementor-element-cd97574 elementor-widget elementor-widget-image\" data-id=\"cd97574\" data-element_type=\"widget\" data-e-type=\"widget\" data-widget_type=\"image.default\">\n\t\t\t\t<div class=\"elementor-widget-container\">\n\t\t\t\t\t\t\t\t\t\t\t\t\t\t\t<img fetchpriority=\"high\" decoding=\"async\" width=\"400\" height=\"300\" src=\"https:\/\/mmielke.de\/wp-content\/uploads\/2020\/10\/Betriebspruefungen.jpg\" class=\"attachment-large size-large wp-image-301\" alt=\"\" srcset=\"https:\/\/mmielke.de\/wp-content\/uploads\/2020\/10\/Betriebspruefungen.jpg 400w, https:\/\/mmielke.de\/wp-content\/uploads\/2020\/10\/Betriebspruefungen-300x225.jpg 300w\" sizes=\"(max-width: 400px) 100vw, 400px\" \/>\t\t\t\t\t\t\t\t\t\t\t\t\t\t\t<\/div>\n\t\t\t\t<\/div>\n\t\t\t\t<div class=\"elementor-element elementor-element-b4cfbd8 elementor-widget elementor-widget-spacer\" data-id=\"b4cfbd8\" data-element_type=\"widget\" data-e-type=\"widget\" data-widget_type=\"spacer.default\">\n\t\t\t\t<div class=\"elementor-widget-container\">\n\t\t\t\t\t\t\t<div class=\"elementor-spacer\">\n\t\t\t<div class=\"elementor-spacer-inner\"><\/div>\n\t\t<\/div>\n\t\t\t\t\t\t<\/div>\n\t\t\t\t<\/div>\n\t\t\t\t<div class=\"elementor-element elementor-element-d5d01ef elementor-widget elementor-widget-heading\" data-id=\"d5d01ef\" data-element_type=\"widget\" data-e-type=\"widget\" data-widget_type=\"heading.default\">\n\t\t\t\t<div class=\"elementor-widget-container\">\n\t\t\t\t\t<h4 class=\"elementor-heading-title elementor-size-default\">Leistungs\u00fcbersicht<\/h4>\t\t\t\t<\/div>\n\t\t\t\t<\/div>\n\t\t\t\t<div class=\"elementor-element elementor-element-5fb2d47 elementor-widget elementor-widget-text-editor\" data-id=\"5fb2d47\" data-element_type=\"widget\" data-e-type=\"widget\" data-widget_type=\"text-editor.default\">\n\t\t\t\t<div class=\"elementor-widget-container\">\n\t\t\t\t\t\t\t\t\t<div class=\"ce_text g4last last block\"><div class=\"ce_text g4last last block\"><p><a href=\"\/index.php\/leistungen\/buchhaltung\/\">&gt; Finanzbuchhaltung<\/a><\/p><p><a href=\"\/index.php\/leistungen\/loehne\/\">&gt; Lohnbuchhaltung und Personal<\/a><\/p><p><a href=\"\/index.php\/leistungen\/jahresabschluss\/\">&gt; Jahresabschl\u00fcsse und Bilanzen<\/a><\/p><p><a href=\"\/index.php\/leistungen\/steuererklaerung\/\">&gt; Steuererkl\u00e4rungen<\/a><\/p><p>&gt; Betriebspr\u00fcfungen<\/p><p><a href=\"\/index.php\/leistungen\/beratung\/\">&gt; Betriebswirtschaftliche Beratung<\/a><\/p><\/div><\/div>\t\t\t\t\t\t\t\t<\/div>\n\t\t\t\t<\/div>\n\t\t\t\t\t<\/div>\n\t\t<\/div>\n\t\t\t\t\t<\/div>\n\t\t<\/section>\n\t\t\t\t<\/div>\n\t\t","protected":false},"excerpt":{"rendered":"<p>Betriebspr\u00fcfungen Egal ob Sie Einzelunternehmer sind oder eine gro\u00dfe Gesellschaft f\u00fchren \u2013 fr\u00fcher oder sp\u00e4ter wird auch auf Sie eine Betriebspr\u00fcfung zukommen. Mit guter Vorbereitung stellen Betriebspr\u00fcfungen kein Problem dar. Bei den folgenden Pr\u00fcfungen begleiten wir Sie gern und stehen Ihnen beratend zur Seite: Pr\u00fcfungen durch das Finanzamt Die Betriebspr\u00fcfung<a class=\"moretag\" href=\"https:\/\/mmielke.de\/index.php\/leistungen\/betriebspruefung\/\"> Read more<\/a><\/p>\n","protected":false},"author":1,"featured_media":0,"parent":183,"menu_order":0,"comment_status":"closed","ping_status":"closed","template":"","meta":{"footnotes":""},"class_list":["post-263","page","type-page","status-publish","hentry"],"jetpack_sharing_enabled":true,"_links":{"self":[{"href":"https:\/\/mmielke.de\/index.php\/wp-json\/wp\/v2\/pages\/263","targetHints":{"allow":["GET"]}}],"collection":[{"href":"https:\/\/mmielke.de\/index.php\/wp-json\/wp\/v2\/pages"}],"about":[{"href":"https:\/\/mmielke.de\/index.php\/wp-json\/wp\/v2\/types\/page"}],"author":[{"embeddable":true,"href":"https:\/\/mmielke.de\/index.php\/wp-json\/wp\/v2\/users\/1"}],"replies":[{"embeddable":true,"href":"https:\/\/mmielke.de\/index.php\/wp-json\/wp\/v2\/comments?post=263"}],"version-history":[{"count":1,"href":"https:\/\/mmielke.de\/index.php\/wp-json\/wp\/v2\/pages\/263\/revisions"}],"predecessor-version":[{"id":817,"href":"https:\/\/mmielke.de\/index.php\/wp-json\/wp\/v2\/pages\/263\/revisions\/817"}],"up":[{"embeddable":true,"href":"https:\/\/mmielke.de\/index.php\/wp-json\/wp\/v2\/pages\/183"}],"wp:attachment":[{"href":"https:\/\/mmielke.de\/index.php\/wp-json\/wp\/v2\/media?parent=263"}],"curies":[{"name":"wp","href":"https:\/\/api.w.org\/{rel}","templated":true}]}}