{"id":265,"date":"2020-10-27T15:46:48","date_gmt":"2020-10-27T14:46:48","guid":{"rendered":"http:\/\/mielke.wortundbild-berlin.de\/?page_id=265"},"modified":"2026-03-02T10:23:16","modified_gmt":"2026-03-02T09:23:16","slug":"beratung","status":"publish","type":"page","link":"https:\/\/mmielke.de\/index.php\/leistungen\/beratung\/","title":{"rendered":"Beratung"},"content":{"rendered":"\t\t<div data-elementor-type=\"wp-page\" data-elementor-id=\"265\" class=\"elementor elementor-265\">\n\t\t\t\t\t\t<section class=\"elementor-section elementor-top-section elementor-element elementor-element-973fc07 elementor-section-boxed elementor-section-height-default elementor-section-height-default\" data-id=\"973fc07\" data-element_type=\"section\" data-e-type=\"section\">\n\t\t\t\t\t\t<div class=\"elementor-container elementor-column-gap-default\">\n\t\t\t\t\t<div class=\"elementor-column elementor-col-100 elementor-top-column elementor-element elementor-element-fbe305f\" data-id=\"fbe305f\" data-element_type=\"column\" data-e-type=\"column\">\n\t\t\t<div class=\"elementor-widget-wrap elementor-element-populated\">\n\t\t\t\t\t\t<div class=\"elementor-element elementor-element-3039e30 elementor-widget elementor-widget-heading\" data-id=\"3039e30\" data-element_type=\"widget\" data-e-type=\"widget\" data-widget_type=\"heading.default\">\n\t\t\t\t<div class=\"elementor-widget-container\">\n\t\t\t\t\t<h2 class=\"elementor-heading-title elementor-size-default\">Betriebswirtschaftliche Beratung<\/h2>\t\t\t\t<\/div>\n\t\t\t\t<\/div>\n\t\t\t\t\t<\/div>\n\t\t<\/div>\n\t\t\t\t\t<\/div>\n\t\t<\/section>\n\t\t\t\t<section class=\"elementor-section elementor-top-section elementor-element elementor-element-152cd6f elementor-section-boxed elementor-section-height-default elementor-section-height-default\" data-id=\"152cd6f\" data-element_type=\"section\" data-e-type=\"section\">\n\t\t\t\t\t\t<div class=\"elementor-container elementor-column-gap-default\">\n\t\t\t\t\t<div class=\"elementor-column elementor-col-50 elementor-top-column elementor-element elementor-element-657e02e\" data-id=\"657e02e\" data-element_type=\"column\" data-e-type=\"column\">\n\t\t\t<div class=\"elementor-widget-wrap elementor-element-populated\">\n\t\t\t\t\t\t<div class=\"elementor-element elementor-element-c61bf99 elementor-widget elementor-widget-text-editor\" data-id=\"c61bf99\" data-element_type=\"widget\" data-e-type=\"widget\" data-widget_type=\"text-editor.default\">\n\t\t\t\t<div class=\"elementor-widget-container\">\n\t\t\t\t\t\t\t\t\t<div class=\"ce_text g8 block\">\n<p>Im Rahmen der betriebswirtschaftlichen Beratung betreuen wir Sie und Ihr Unternehmen weit \u00fcber die Steuerberatung hinaus. Und auch, wenn Sie nicht zu unseren Mandanten geh\u00f6ren und Ihre Buchf\u00fchrung selbst erledigen, stehen wir Ihnen gern f\u00fcr eine unabh\u00e4ngige und neutrale Analyse Ihrer Unternehmenszahlen zur Verf\u00fcgung.<\/p>\n<p>Im Einzelnen bieten wir Ihnen:<\/p>\n<ul>\n<li>Umsatz-, Kosten-, Ertrags- und Liquidit\u00e4tsplanung<\/li>\n<li>Teilnahme an Vertragsverhandlungen (z.B. mit Banken) und Erstellung erforderlicher Gutachten<\/li>\n<li>Beratung beim Kauf und Verkauf von Unternehmen und Beteiligungen<\/li>\n<li>Konzepte und Beratung zu Existenzgr\u00fcndungen<\/li>\n<li>Investitions- und Finanzierungsberatung<\/li>\n<li>kurzfristige Erfolgsrechnungen<\/li>\n<li>Liquidit\u00e4ts- und Finanzplanung<\/li>\n<li>Cash-Flow-Analysen, Bilanz- und Erfolgsanalysen<\/li>\n<li>Branchenvergleiche, Wirtschaftlichkeitsanalysen und Planungsberechnungen<\/li>\n<li>Pr\u00fcfungen gem\u00e4\u00df der Makler- und Bautr\u00e4gerverordnung<\/li>\n<\/ul>\n<\/div>\t\t\t\t\t\t\t\t<\/div>\n\t\t\t\t<\/div>\n\t\t\t\t\t<\/div>\n\t\t<\/div>\n\t\t\t\t<div class=\"elementor-column elementor-col-50 elementor-top-column elementor-element elementor-element-d51e9ee\" data-id=\"d51e9ee\" data-element_type=\"column\" data-e-type=\"column\">\n\t\t\t<div class=\"elementor-widget-wrap elementor-element-populated\">\n\t\t\t\t\t\t<div class=\"elementor-element elementor-element-4008483 elementor-widget elementor-widget-image\" data-id=\"4008483\" data-element_type=\"widget\" data-e-type=\"widget\" data-widget_type=\"image.default\">\n\t\t\t\t<div class=\"elementor-widget-container\">\n\t\t\t\t\t\t\t\t\t\t\t\t\t\t\t<img fetchpriority=\"high\" decoding=\"async\" width=\"424\" height=\"283\" src=\"https:\/\/mmielke.de\/wp-content\/uploads\/2020\/10\/Beratung.jpg\" class=\"attachment-large size-large wp-image-304\" alt=\"\" srcset=\"https:\/\/mmielke.de\/wp-content\/uploads\/2020\/10\/Beratung.jpg 424w, https:\/\/mmielke.de\/wp-content\/uploads\/2020\/10\/Beratung-300x200.jpg 300w, https:\/\/mmielke.de\/wp-content\/uploads\/2020\/10\/Beratung-360x240.jpg 360w\" sizes=\"(max-width: 424px) 100vw, 424px\" \/>\t\t\t\t\t\t\t\t\t\t\t\t\t\t\t<\/div>\n\t\t\t\t<\/div>\n\t\t\t\t<div class=\"elementor-element elementor-element-7cf4a33 elementor-widget elementor-widget-spacer\" data-id=\"7cf4a33\" data-element_type=\"widget\" data-e-type=\"widget\" data-widget_type=\"spacer.default\">\n\t\t\t\t<div class=\"elementor-widget-container\">\n\t\t\t\t\t\t\t<div class=\"elementor-spacer\">\n\t\t\t<div class=\"elementor-spacer-inner\"><\/div>\n\t\t<\/div>\n\t\t\t\t\t\t<\/div>\n\t\t\t\t<\/div>\n\t\t\t\t<div class=\"elementor-element elementor-element-292fe20 elementor-widget elementor-widget-heading\" data-id=\"292fe20\" data-element_type=\"widget\" data-e-type=\"widget\" data-widget_type=\"heading.default\">\n\t\t\t\t<div class=\"elementor-widget-container\">\n\t\t\t\t\t<h4 class=\"elementor-heading-title elementor-size-default\">Leistungs\u00fcbersicht<\/h4>\t\t\t\t<\/div>\n\t\t\t\t<\/div>\n\t\t\t\t<div class=\"elementor-element elementor-element-52d8e58 elementor-widget elementor-widget-text-editor\" data-id=\"52d8e58\" data-element_type=\"widget\" data-e-type=\"widget\" data-widget_type=\"text-editor.default\">\n\t\t\t\t<div class=\"elementor-widget-container\">\n\t\t\t\t\t\t\t\t\t<div class=\"ce_text g4last last block\"><div class=\"ce_text g4last last block\"><p><a href=\"\/index.php\/leistungen\/buchhaltung\/\">&gt; Finanzbuchhaltung<\/a><\/p><p><a href=\"\/index.php\/leistungen\/loehne\/\">&gt; Lohnbuchhaltung und Personal<\/a><\/p><p><a href=\"\/index.php\/leistungen\/jahresabschluss\/\">&gt; Jahresabschl\u00fcsse und Bilanzen<\/a><\/p><p><a href=\"\/index.php\/leistungen\/steuererklaerung\/\">&gt; Steuererkl\u00e4rungen<\/a><\/p><p><a href=\"\/index.php\/leistungen\/betriebspruefung\/\">&gt; Betriebspr\u00fcfungen<\/a><\/p><p>&gt; Betriebswirtschaftliche Beratung<\/p><\/div><\/div>\t\t\t\t\t\t\t\t<\/div>\n\t\t\t\t<\/div>\n\t\t\t\t\t<\/div>\n\t\t<\/div>\n\t\t\t\t\t<\/div>\n\t\t<\/section>\n\t\t\t\t<\/div>\n\t\t","protected":false},"excerpt":{"rendered":"<p>Betriebswirtschaftliche Beratung Im Rahmen der betriebswirtschaftlichen Beratung betreuen wir Sie und Ihr Unternehmen weit \u00fcber die Steuerberatung hinaus. Und auch, wenn Sie nicht zu unseren Mandanten geh\u00f6ren und Ihre Buchf\u00fchrung selbst erledigen, stehen wir Ihnen gern f\u00fcr eine unabh\u00e4ngige und neutrale Analyse Ihrer Unternehmenszahlen zur Verf\u00fcgung. Im Einzelnen bieten wir<a class=\"moretag\" href=\"https:\/\/mmielke.de\/index.php\/leistungen\/beratung\/\"> Read more<\/a><\/p>\n","protected":false},"author":1,"featured_media":0,"parent":183,"menu_order":0,"comment_status":"closed","ping_status":"closed","template":"","meta":{"footnotes":""},"class_list":["post-265","page","type-page","status-publish","hentry"],"jetpack_sharing_enabled":true,"_links":{"self":[{"href":"https:\/\/mmielke.de\/index.php\/wp-json\/wp\/v2\/pages\/265","targetHints":{"allow":["GET"]}}],"collection":[{"href":"https:\/\/mmielke.de\/index.php\/wp-json\/wp\/v2\/pages"}],"about":[{"href":"https:\/\/mmielke.de\/index.php\/wp-json\/wp\/v2\/types\/page"}],"author":[{"embeddable":true,"href":"https:\/\/mmielke.de\/index.php\/wp-json\/wp\/v2\/users\/1"}],"replies":[{"embeddable":true,"href":"https:\/\/mmielke.de\/index.php\/wp-json\/wp\/v2\/comments?post=265"}],"version-history":[{"count":1,"href":"https:\/\/mmielke.de\/index.php\/wp-json\/wp\/v2\/pages\/265\/revisions"}],"predecessor-version":[{"id":816,"href":"https:\/\/mmielke.de\/index.php\/wp-json\/wp\/v2\/pages\/265\/revisions\/816"}],"up":[{"embeddable":true,"href":"https:\/\/mmielke.de\/index.php\/wp-json\/wp\/v2\/pages\/183"}],"wp:attachment":[{"href":"https:\/\/mmielke.de\/index.php\/wp-json\/wp\/v2\/media?parent=265"}],"curies":[{"name":"wp","href":"https:\/\/api.w.org\/{rel}","templated":true}]}}