{"id":6,"date":"2020-08-25T08:46:46","date_gmt":"2020-08-25T06:46:46","guid":{"rendered":"http:\/\/mielke.wortundbild-berlin.de\/?page_id=6"},"modified":"2026-03-02T10:25:08","modified_gmt":"2026-03-02T09:25:08","slug":"startseite","status":"publish","type":"page","link":"https:\/\/mmielke.de\/","title":{"rendered":"Startseite"},"content":{"rendered":"\t\t<div data-elementor-type=\"wp-page\" data-elementor-id=\"6\" class=\"elementor elementor-6\">\n\t\t\t\t\t\t<section class=\"elementor-section elementor-top-section elementor-element elementor-element-ea97c97 elementor-section-boxed elementor-section-height-default elementor-section-height-default\" data-id=\"ea97c97\" data-element_type=\"section\" data-e-type=\"section\">\n\t\t\t\t\t\t<div class=\"elementor-container elementor-column-gap-default\">\n\t\t\t\t\t<div class=\"elementor-column elementor-col-100 elementor-top-column elementor-element elementor-element-5584dd6\" data-id=\"5584dd6\" data-element_type=\"column\" data-e-type=\"column\">\n\t\t\t<div class=\"elementor-widget-wrap elementor-element-populated\">\n\t\t\t\t\t\t<div class=\"elementor-element elementor-element-30df635 elementor-widget elementor-widget-heading\" data-id=\"30df635\" data-element_type=\"widget\" data-e-type=\"widget\" data-widget_type=\"heading.default\">\n\t\t\t\t<div class=\"elementor-widget-container\">\n\t\t\t\t\t<h1 class=\"elementor-heading-title elementor-size-default\">Steuerberatung Martina Mielke-Eggert:<br \/>\nMit ganzem Herzen f\u00fcr unsere Mandanten<\/h1>\t\t\t\t<\/div>\n\t\t\t\t<\/div>\n\t\t\t\t\t<\/div>\n\t\t<\/div>\n\t\t\t\t\t<\/div>\n\t\t<\/section>\n\t\t\t\t<section class=\"elementor-section elementor-top-section elementor-element elementor-element-2c028fc elementor-section-boxed elementor-section-height-default elementor-section-height-default\" data-id=\"2c028fc\" data-element_type=\"section\" data-e-type=\"section\">\n\t\t\t\t\t\t<div class=\"elementor-container elementor-column-gap-default\">\n\t\t\t\t\t<div class=\"elementor-column elementor-col-50 elementor-top-column elementor-element elementor-element-6b867c8\" data-id=\"6b867c8\" data-element_type=\"column\" data-e-type=\"column\">\n\t\t\t<div class=\"elementor-widget-wrap elementor-element-populated\">\n\t\t\t\t\t\t<div class=\"elementor-element elementor-element-2446a36 elementor-widget elementor-widget-text-editor\" data-id=\"2446a36\" data-element_type=\"widget\" data-e-type=\"widget\" data-widget_type=\"text-editor.default\">\n\t\t\t\t<div class=\"elementor-widget-container\">\n\t\t\t\t\t\t\t\t\t<div class=\"ce_text g6 block\"><p>Seit vielen Jahrzehnten ist die Steuerberatung Martine Mielke-Eggert in Berlin mit ganzem Herzen im Auftrag unserer Mandanten t\u00e4tig. Wir betreuen als Steuerberater vor allem kleine und mittelst\u00e4ndische Betriebe sowie Angeh\u00f6rige der freien Berufe.<\/p><p>Unser Ziel ist es, Ihnen bei allen Fragen rund um Steuerplanung und Steuergestaltung zur Seite zu stehen. Neben den klassischen Dienstleistungen eines Steuerberaters wie Finanzbuchhaltung und Lohnbuchhaltung, Erstellung der Jahresabschl\u00fcsse und Fertigen von Steuererkl\u00e4rungen bieten wir Ihnen auch die Betreuung bei Betriebspr\u00fcfungen.<\/p><p>Ein weiterer Fokus liegt in der betriebswirtschaftlichen Beratung von Unternehmen \u2013 hier planen wir gemeinsam Ihren Erfolg.<\/p><\/div>\t\t\t\t\t\t\t\t<\/div>\n\t\t\t\t<\/div>\n\t\t\t\t\t<\/div>\n\t\t<\/div>\n\t\t\t\t<div class=\"elementor-column elementor-col-50 elementor-top-column elementor-element elementor-element-b2f83ac\" data-id=\"b2f83ac\" data-element_type=\"column\" data-e-type=\"column\">\n\t\t\t<div class=\"elementor-widget-wrap elementor-element-populated\">\n\t\t\t\t\t\t<div class=\"elementor-element elementor-element-e844b11 elementor-widget elementor-widget-image\" data-id=\"e844b11\" data-element_type=\"widget\" data-e-type=\"widget\" data-widget_type=\"image.default\">\n\t\t\t\t<div class=\"elementor-widget-container\">\n\t\t\t\t\t\t\t\t\t\t\t\t\t\t\t<img fetchpriority=\"high\" decoding=\"async\" width=\"750\" height=\"500\" src=\"https:\/\/mmielke.de\/wp-content\/uploads\/2020\/08\/IMG_3929.jpg\" class=\"attachment-large size-large wp-image-53\" alt=\"Martine Milke-Eggert - Steuerberaterin in Berlin Reinickendorf\" srcset=\"https:\/\/mmielke.de\/wp-content\/uploads\/2020\/08\/IMG_3929.jpg 1000w, https:\/\/mmielke.de\/wp-content\/uploads\/2020\/08\/IMG_3929-300x200.jpg 300w, https:\/\/mmielke.de\/wp-content\/uploads\/2020\/08\/IMG_3929-768x512.jpg 768w, https:\/\/mmielke.de\/wp-content\/uploads\/2020\/08\/IMG_3929-360x240.jpg 360w\" sizes=\"(max-width: 750px) 100vw, 750px\" \/>\t\t\t\t\t\t\t\t\t\t\t\t\t\t\t<\/div>\n\t\t\t\t<\/div>\n\t\t\t\t\t<\/div>\n\t\t<\/div>\n\t\t\t\t\t<\/div>\n\t\t<\/section>\n\t\t\t\t<section class=\"elementor-section elementor-top-section elementor-element elementor-element-e9be4bb elementor-section-boxed elementor-section-height-default elementor-section-height-default\" data-id=\"e9be4bb\" data-element_type=\"section\" data-e-type=\"section\">\n\t\t\t\t\t\t<div class=\"elementor-container elementor-column-gap-default\">\n\t\t\t\t\t<div class=\"elementor-column elementor-col-100 elementor-top-column elementor-element elementor-element-e737686\" data-id=\"e737686\" data-element_type=\"column\" data-e-type=\"column\">\n\t\t\t<div class=\"elementor-widget-wrap elementor-element-populated\">\n\t\t\t\t\t\t<div class=\"elementor-element elementor-element-e16acbf elementor-widget elementor-widget-spacer\" data-id=\"e16acbf\" data-element_type=\"widget\" data-e-type=\"widget\" data-widget_type=\"spacer.default\">\n\t\t\t\t<div class=\"elementor-widget-container\">\n\t\t\t\t\t\t\t<div class=\"elementor-spacer\">\n\t\t\t<div class=\"elementor-spacer-inner\"><\/div>\n\t\t<\/div>\n\t\t\t\t\t\t<\/div>\n\t\t\t\t<\/div>\n\t\t\t\t\t<\/div>\n\t\t<\/div>\n\t\t\t\t\t<\/div>\n\t\t<\/section>\n\t\t\t\t<section class=\"elementor-section elementor-top-section elementor-element elementor-element-d80b0c4 elementor-section-boxed elementor-section-height-default elementor-section-height-default\" data-id=\"d80b0c4\" data-element_type=\"section\" data-e-type=\"section\">\n\t\t\t\t\t\t<div class=\"elementor-container elementor-column-gap-wide\">\n\t\t\t\t\t<div class=\"elementor-column elementor-col-33 elementor-top-column elementor-element elementor-element-f765f7b\" data-id=\"f765f7b\" data-element_type=\"column\" data-e-type=\"column\" data-settings=\"{&quot;background_background&quot;:&quot;classic&quot;}\">\n\t\t\t<div class=\"elementor-widget-wrap elementor-element-populated\">\n\t\t\t\t\t\t<div class=\"elementor-element elementor-element-39779d8 elementor-widget elementor-widget-heading\" data-id=\"39779d8\" data-element_type=\"widget\" data-e-type=\"widget\" data-widget_type=\"heading.default\">\n\t\t\t\t<div class=\"elementor-widget-container\">\n\t\t\t\t\t<h4 class=\"elementor-heading-title elementor-size-default\">Wir stellen uns vor<\/h4>\t\t\t\t<\/div>\n\t\t\t\t<\/div>\n\t\t\t\t<div class=\"elementor-element elementor-element-4dd8b8c elementor-widget elementor-widget-spacer\" data-id=\"4dd8b8c\" data-element_type=\"widget\" data-e-type=\"widget\" data-widget_type=\"spacer.default\">\n\t\t\t\t<div class=\"elementor-widget-container\">\n\t\t\t\t\t\t\t<div class=\"elementor-spacer\">\n\t\t\t<div class=\"elementor-spacer-inner\"><\/div>\n\t\t<\/div>\n\t\t\t\t\t\t<\/div>\n\t\t\t\t<\/div>\n\t\t\t\t<div class=\"elementor-element elementor-element-14d31cc elementor-widget elementor-widget-text-editor\" data-id=\"14d31cc\" data-element_type=\"widget\" data-e-type=\"widget\" data-widget_type=\"text-editor.default\">\n\t\t\t\t<div class=\"elementor-widget-container\">\n\t\t\t\t\t\t\t\t\t<div class=\"ce_text g4 anriss block\"><p>Bereits seit 1998 betreuen wir unsere Mandanten in allen steuerlichen Angelegenheiten, und das schnell, kompetent und zielgerichtet.<\/p><p><a href=\"\/index.php\/unsere-kanzlei\/\">&gt; Zur Kanzleivorstellung<\/a><\/p><\/div>\t\t\t\t\t\t\t\t<\/div>\n\t\t\t\t<\/div>\n\t\t\t\t\t<\/div>\n\t\t<\/div>\n\t\t\t\t<div class=\"elementor-column elementor-col-33 elementor-top-column elementor-element elementor-element-10503ca\" data-id=\"10503ca\" data-element_type=\"column\" data-e-type=\"column\" data-settings=\"{&quot;background_background&quot;:&quot;classic&quot;}\">\n\t\t\t<div class=\"elementor-widget-wrap elementor-element-populated\">\n\t\t\t\t\t\t<div class=\"elementor-element elementor-element-ab19dd2 elementor-widget elementor-widget-heading\" data-id=\"ab19dd2\" data-element_type=\"widget\" data-e-type=\"widget\" data-widget_type=\"heading.default\">\n\t\t\t\t<div class=\"elementor-widget-container\">\n\t\t\t\t\t<h4 class=\"elementor-heading-title elementor-size-default\">Das k\u00f6nnen wir<br \/>f\u00fcr Sie tun<\/h4>\t\t\t\t<\/div>\n\t\t\t\t<\/div>\n\t\t\t\t<div class=\"elementor-element elementor-element-fb13872 elementor-widget elementor-widget-spacer\" data-id=\"fb13872\" data-element_type=\"widget\" data-e-type=\"widget\" data-widget_type=\"spacer.default\">\n\t\t\t\t<div class=\"elementor-widget-container\">\n\t\t\t\t\t\t\t<div class=\"elementor-spacer\">\n\t\t\t<div class=\"elementor-spacer-inner\"><\/div>\n\t\t<\/div>\n\t\t\t\t\t\t<\/div>\n\t\t\t\t<\/div>\n\t\t\t\t<div class=\"elementor-element elementor-element-aa5d054 elementor-widget elementor-widget-text-editor\" data-id=\"aa5d054\" data-element_type=\"widget\" data-e-type=\"widget\" data-widget_type=\"text-editor.default\">\n\t\t\t\t<div class=\"elementor-widget-container\">\n\t\t\t\t\t\t\t\t\t<div class=\"ce_text g4 anriss block\"><p>Ob Buchhaltung, Steuerplanung, Personalwesen, Bilanzierung oder betriebswirtschaftliche Beratung &#8211; bei uns sind Sie richtig.<\/p><p><a href=\"\/index.php\/leistungen\/\">&gt; Unsere Leistungen<\/a><\/p><\/div>\t\t\t\t\t\t\t\t<\/div>\n\t\t\t\t<\/div>\n\t\t\t\t\t<\/div>\n\t\t<\/div>\n\t\t\t\t<div class=\"elementor-column elementor-col-33 elementor-top-column elementor-element elementor-element-eb63f73\" data-id=\"eb63f73\" data-element_type=\"column\" data-e-type=\"column\" data-settings=\"{&quot;background_background&quot;:&quot;classic&quot;}\">\n\t\t\t<div class=\"elementor-widget-wrap elementor-element-populated\">\n\t\t\t\t\t\t<div class=\"elementor-element elementor-element-28b5021 elementor-widget elementor-widget-heading\" data-id=\"28b5021\" data-element_type=\"widget\" data-e-type=\"widget\" data-widget_type=\"heading.default\">\n\t\t\t\t<div class=\"elementor-widget-container\">\n\t\t\t\t\t<h4 class=\"elementor-heading-title elementor-size-default\">Hier finden Sie uns<\/h4>\t\t\t\t<\/div>\n\t\t\t\t<\/div>\n\t\t\t\t<div class=\"elementor-element elementor-element-7f989e0 elementor-widget elementor-widget-spacer\" data-id=\"7f989e0\" data-element_type=\"widget\" data-e-type=\"widget\" data-widget_type=\"spacer.default\">\n\t\t\t\t<div class=\"elementor-widget-container\">\n\t\t\t\t\t\t\t<div class=\"elementor-spacer\">\n\t\t\t<div class=\"elementor-spacer-inner\"><\/div>\n\t\t<\/div>\n\t\t\t\t\t\t<\/div>\n\t\t\t\t<\/div>\n\t\t\t\t<div class=\"elementor-element elementor-element-9ffcb6d elementor-widget elementor-widget-text-editor\" data-id=\"9ffcb6d\" data-element_type=\"widget\" data-e-type=\"widget\" data-widget_type=\"text-editor.default\">\n\t\t\t\t<div class=\"elementor-widget-container\">\n\t\t\t\t\t\t\t\t\t<div class=\"ce_text g4 anriss block\"><p>Walderseestra\u00dfe 4 &#8211; 6<br \/>13407 Berlin<br \/>Tel.: 030 \/ 461 80 37<br \/>Fax: 030 \/ 465 93 50<\/p><p><a href=\"\/index.php\/unsere-kanzlei\/kontakt\/\">&gt; Der Weg zur Kanzlei<\/a><\/p><\/div>\t\t\t\t\t\t\t\t<\/div>\n\t\t\t\t<\/div>\n\t\t\t\t\t<\/div>\n\t\t<\/div>\n\t\t\t\t\t<\/div>\n\t\t<\/section>\n\t\t\t\t<\/div>\n\t\t","protected":false},"excerpt":{"rendered":"<p>Steuerberatung Martina Mielke-Eggert: Mit ganzem Herzen f\u00fcr unsere Mandanten Seit vielen Jahrzehnten ist die Steuerberatung Martine Mielke-Eggert in Berlin mit ganzem Herzen im Auftrag unserer Mandanten t\u00e4tig. Wir betreuen als Steuerberater vor allem kleine und mittelst\u00e4ndische Betriebe sowie Angeh\u00f6rige der freien Berufe. Unser Ziel ist es, Ihnen bei allen Fragen<a class=\"moretag\" href=\"https:\/\/mmielke.de\/\"> Read more<\/a><\/p>\n","protected":false},"author":1,"featured_media":0,"parent":0,"menu_order":0,"comment_status":"closed","ping_status":"closed","template":"","meta":{"footnotes":""},"class_list":["post-6","page","type-page","status-publish","hentry"],"jetpack_sharing_enabled":true,"_links":{"self":[{"href":"https:\/\/mmielke.de\/index.php\/wp-json\/wp\/v2\/pages\/6","targetHints":{"allow":["GET"]}}],"collection":[{"href":"https:\/\/mmielke.de\/index.php\/wp-json\/wp\/v2\/pages"}],"about":[{"href":"https:\/\/mmielke.de\/index.php\/wp-json\/wp\/v2\/types\/page"}],"author":[{"embeddable":true,"href":"https:\/\/mmielke.de\/index.php\/wp-json\/wp\/v2\/users\/1"}],"replies":[{"embeddable":true,"href":"https:\/\/mmielke.de\/index.php\/wp-json\/wp\/v2\/comments?post=6"}],"version-history":[{"count":1,"href":"https:\/\/mmielke.de\/index.php\/wp-json\/wp\/v2\/pages\/6\/revisions"}],"predecessor-version":[{"id":814,"href":"https:\/\/mmielke.de\/index.php\/wp-json\/wp\/v2\/pages\/6\/revisions\/814"}],"wp:attachment":[{"href":"https:\/\/mmielke.de\/index.php\/wp-json\/wp\/v2\/media?parent=6"}],"curies":[{"name":"wp","href":"https:\/\/api.w.org\/{rel}","templated":true}]}}